{"id":29585,"date":"2026-01-14T22:44:52","date_gmt":"2026-01-14T22:44:52","guid":{"rendered":"https:\/\/herosbedding.com\/?post_type=product&#038;p=29585"},"modified":"2026-03-08T13:59:47","modified_gmt":"2026-03-08T13:59:47","slug":"barcelona","status":"publish","type":"product","link":"https:\/\/herosbedding.com\/tr\/urun\/barcelona\/","title":{"rendered":"Barselona"},"content":{"rendered":"<div style=\"width: 100%; margin-bottom: 25px;\">\n<p style=\"text-align: center;\"><strong>Barselona yata\u011f\u0131<\/strong> \u00e7arp\u0131c\u0131 bir tasar\u0131m\u0131 uyumlu renklerle birle\u015ftirir<br \/>\nyatak odan\u0131za zarif bir g\u00f6r\u00fcn\u00fcm kazand\u0131r\u0131r.<br \/>\nAyn\u0131 zamanda bu yatak a\u015fa\u011f\u0131daki \u00f6zellikleri sayesinde uyku sa\u011fl\u0131\u011f\u0131n\u0131z\u0131 destekler<br \/>\n<strong>geli\u0307\u015fmi\u0307\u015f uyku teknoloji\u0307leri\u0307<\/strong>.<br \/>\nBu <strong>Hercules Yay Sistemi<\/strong> Hareket aktar\u0131m\u0131n\u0131 en aza indirir,<br \/>\n\u00f6zel olarak geli\u015ftirilmi\u015f <strong>arka destekleyici yap\u0131<\/strong><br \/>\ndo\u011fru duru\u015f ve derin, onar\u0131c\u0131 bir gece uykusu sa\u011flar.<br \/>\nB\u00f6ylece her sabah tazelenmi\u015f ve dinlenmi\u015f olarak uyan\u0131rs\u0131n\u0131z.<\/p>\n<\/div>\n<p><!-- 2 KOLOMMEN MET AFBEELDINGEN --><\/p>\n<div style=\"display: flex; flex-wrap: wrap; gap: 30px; align-items: center;\">\n<p><!-- AFBEELDING LINKS --><\/p>\n<div style=\"flex: 1; min-width: 280px; text-align: center;\"><img decoding=\"async\" style=\"max-width: 100%; height: auto;\" src=\"https:\/\/herosbedding.com\/wp-content\/uploads\/2026\/01\/Untitled-design-2.svg\" alt=\"Barcelona bed kenmerken\" \/><\/div>\n<p><!-- AFBEELDING RECHTS --><\/p>\n<div style=\"flex: 1; min-width: 280px; text-align: center;\"><img decoding=\"async\" style=\"max-width: 100%; height: auto;\" src=\"https:\/\/herosbedding.com\/wp-content\/uploads\/2026\/01\/Untitled-design-1-2.svg\" alt=\"Barcelona bed opbouw\" \/><\/div>\n<\/div>","protected":false},"excerpt":{"rendered":"<div style=\"display: grid; grid-template-columns: repeat(auto-fit,minmax(220px,1fr)); gap: 16px; margin-top: 20px;\">\n<div style=\"padding: 16px; border: 1px solid #eee; border-radius: 12px; background: #fff;\">\n<p><small style=\"color: #888;\">Sistem<\/small><\/p>\n<div style=\"font-weight: 600; font-size: 16px;\">Hercules Yay Sistemi (Bonell)<\/div>\n<\/div>\n<div style=\"padding: 16px; border: 1px solid #eee; border-radius: 12px; background: #fff;\">\n<p><small style=\"color: #888;\">Yalan konforu<\/small><\/p>\n<div style=\"font-weight: 600; font-size: 16px;\">Yumu\u015fak ila orta<\/div>\n<\/div>\n<div style=\"padding: 16px; border: 1px solid #eee; border-radius: 12px; background: #fff;\">\n<p><small style=\"color: #888;\">Y\u00fckseklik<\/small><\/p>\n<div style=\"font-weight: 600; font-size: 16px;\">28 cm (\u00b12 cm)<\/div>\n<\/div>\n<div style=\"padding: 16px; border: 1px solid #eee; border-radius: 12px; background: #fff;\">\n<p><small style=\"color: #888;\">Destek<\/small><\/p>\n<div style=\"font-weight: 600; font-size: 16px;\">S\u0131rt dostu ve bas\u0131n\u00e7 giderici<\/div>\n<\/div>\n<div style=\"padding: 16px; border: 1px solid #eee; border-radius: 12px; background: #fff;\">\n<p><small style=\"color: #888;\">Kuma\u015f<\/small><\/p>\n<div style=\"font-weight: 600; font-size: 16px;\">Nefes alabilir, anti-stres<\/div>\n<\/div>\n<\/div>","protected":false},"featured_media":29609,"comment_status":"open","ping_status":"closed","template":"","meta":[],"product_brand":[],"product_cat":[84,23],"product_tag":[],"class_list":{"0":"post-29585","1":"product","2":"type-product","3":"status-publish","4":"has-post-thumbnail","6":"product_cat-barcelona","7":"product_cat-bedden","9":"first","10":"instock","11":"sale","12":"taxable","13":"shipping-taxable","14":"product-type-variable"},"_links":{"self":[{"href":"https:\/\/herosbedding.com\/tr\/wp-json\/wp\/v2\/product\/29585","targetHints":{"allow":["GET"]}}],"collection":[{"href":"https:\/\/herosbedding.com\/tr\/wp-json\/wp\/v2\/product"}],"about":[{"href":"https:\/\/herosbedding.com\/tr\/wp-json\/wp\/v2\/types\/product"}],"replies":[{"embeddable":true,"href":"https:\/\/herosbedding.com\/tr\/wp-json\/wp\/v2\/comments?post=29585"}],"version-history":[{"count":5,"href":"https:\/\/herosbedding.com\/tr\/wp-json\/wp\/v2\/product\/29585\/revisions"}],"predecessor-version":[{"id":29648,"href":"https:\/\/herosbedding.com\/tr\/wp-json\/wp\/v2\/product\/29585\/revisions\/29648"}],"wp:featuredmedia":[{"embeddable":true,"href":"https:\/\/herosbedding.com\/tr\/wp-json\/wp\/v2\/media\/29609"}],"wp:attachment":[{"href":"https:\/\/herosbedding.com\/tr\/wp-json\/wp\/v2\/media?parent=29585"}],"wp:term":[{"taxonomy":"product_brand","embeddable":true,"href":"https:\/\/herosbedding.com\/tr\/wp-json\/wp\/v2\/product_brand?post=29585"},{"taxonomy":"product_cat","embeddable":true,"href":"https:\/\/herosbedding.com\/tr\/wp-json\/wp\/v2\/product_cat?post=29585"},{"taxonomy":"product_tag","embeddable":true,"href":"https:\/\/herosbedding.com\/tr\/wp-json\/wp\/v2\/product_tag?post=29585"}],"curies":[{"name":"wp","href":"https:\/\/api.w.org\/{rel}","templated":true}]}}