{"id":29560,"date":"2026-01-14T22:08:42","date_gmt":"2026-01-14T22:08:42","guid":{"rendered":"https:\/\/herosbedding.com\/?post_type=product&#038;p=29560"},"modified":"2026-03-08T14:10:56","modified_gmt":"2026-03-08T14:10:56","slug":"kingmaster","status":"publish","type":"product","link":"https:\/\/herosbedding.com\/tr\/urun\/kingmaster\/","title":{"rendered":"Kingmaster"},"content":{"rendered":"<div style=\"width: 100%; margin-bottom: 25px;\">\n<p style=\"text-align: center;\"><strong>Het King Master bed<\/strong> combineert een tijdloze stijl met een moderne afwerking.<br \/>\nHet klassieke en sobere design wordt versterkt door het comfort van het<br \/>\n<strong>Cep atlama sistemi<\/strong>, wat zorgt voor een uitstekende ondersteuning en een<br \/>\nstabiel ligcomfort.<br \/>\nDankzij de meerlaagse opbouw met <strong>yumu\u015fak k\u00f6p\u00fck<\/strong>, <strong>nefes alabilen kuma\u015flar<\/strong><br \/>\nen een <strong>rugvriendelijke structuur<\/strong>, biedt dit bed een rustige, ontspannen en<br \/>\nononderbroken slaapervaring. Een verfijnde uitstraling voor uw slaapkamer,<br \/>\nmet maximaal comfort tijdens de nacht.<\/p>\n<\/div>\n<p><!-- 2 KOLOMMEN MET AFBEELDINGEN --><\/p>\n<div style=\"display: flex; flex-wrap: wrap; gap: 30px; align-items: center;\">\n<p><!-- AFBEELDING LINKS --><\/p>\n<div style=\"flex: 1; min-width: 280px; text-align: center;\"><img decoding=\"async\" style=\"max-width: 100%; height: auto;\" src=\"https:\/\/herosbedding.com\/wp-content\/uploads\/2026\/01\/Untitled-design-2.svg\" alt=\"King Master bed kenmerken\" \/><\/div>\n<p><!-- AFBEELDING RECHTS --><\/p>\n<div style=\"flex: 1; min-width: 280px; text-align: center;\"><img decoding=\"async\" style=\"max-width: 100%; height: auto;\" src=\"https:\/\/herosbedding.com\/wp-content\/uploads\/2026\/01\/Untitled-design-1-2.svg\" alt=\"King Master bed opbouw\" \/><\/div>\n<\/div>","protected":false},"excerpt":{"rendered":"<div style=\"display: grid; grid-template-columns: repeat(auto-fit,minmax(220px,1fr)); gap: 16px; margin-top: 20px;\">\n<div style=\"padding: 16px; border: 1px solid #eee; border-radius: 12px; background: #fff;\">\n<p><small style=\"color: #888;\">Sistem<\/small><\/p>\n<div style=\"font-weight: 600; font-size: 16px;\">Cep Yay Sistemi<\/div>\n<\/div>\n<div style=\"padding: 16px; border: 1px solid #eee; border-radius: 12px; background: #fff;\">\n<p><small style=\"color: #888;\">Yalan konforu<\/small><\/p>\n<div style=\"font-weight: 600; font-size: 16px;\">Medium tot stevig<\/div>\n<\/div>\n<div style=\"padding: 16px; border: 1px solid #eee; border-radius: 12px; background: #fff;\">\n<p><small style=\"color: #888;\">Y\u00fckseklik<\/small><\/p>\n<div style=\"font-weight: 600; font-size: 16px;\">30 cm (\u00b12 cm)<\/div>\n<\/div>\n<div style=\"padding: 16px; border: 1px solid #eee; border-radius: 12px; background: #fff;\">\n<p><small style=\"color: #888;\">Destek<\/small><\/p>\n<div style=\"font-weight: 600; font-size: 16px;\">Rugvriendelijk &amp; stabiel<\/div>\n<\/div>\n<div style=\"padding: 16px; border: 1px solid #eee; border-radius: 12px; background: #fff;\">\n<p><small style=\"color: #888;\">Kuma\u015f<\/small><\/p>\n<div style=\"font-weight: 600; font-size: 16px;\">Saten, nefes alabilir<\/div>\n<\/div>\n<\/div>","protected":false},"featured_media":29618,"comment_status":"open","ping_status":"closed","template":"","meta":[],"product_brand":[],"product_cat":[87,23],"product_tag":[],"class_list":{"0":"post-29560","1":"product","2":"type-product","3":"status-publish","4":"has-post-thumbnail","6":"product_cat-kingmaster","7":"product_cat-bedden","9":"first","10":"instock","11":"taxable","12":"shipping-taxable","13":"product-type-variable"},"_links":{"self":[{"href":"https:\/\/herosbedding.com\/tr\/wp-json\/wp\/v2\/product\/29560","targetHints":{"allow":["GET"]}}],"collection":[{"href":"https:\/\/herosbedding.com\/tr\/wp-json\/wp\/v2\/product"}],"about":[{"href":"https:\/\/herosbedding.com\/tr\/wp-json\/wp\/v2\/types\/product"}],"replies":[{"embeddable":true,"href":"https:\/\/herosbedding.com\/tr\/wp-json\/wp\/v2\/comments?post=29560"}],"version-history":[{"count":5,"href":"https:\/\/herosbedding.com\/tr\/wp-json\/wp\/v2\/product\/29560\/revisions"}],"predecessor-version":[{"id":29651,"href":"https:\/\/herosbedding.com\/tr\/wp-json\/wp\/v2\/product\/29560\/revisions\/29651"}],"wp:featuredmedia":[{"embeddable":true,"href":"https:\/\/herosbedding.com\/tr\/wp-json\/wp\/v2\/media\/29618"}],"wp:attachment":[{"href":"https:\/\/herosbedding.com\/tr\/wp-json\/wp\/v2\/media?parent=29560"}],"wp:term":[{"taxonomy":"product_brand","embeddable":true,"href":"https:\/\/herosbedding.com\/tr\/wp-json\/wp\/v2\/product_brand?post=29560"},{"taxonomy":"product_cat","embeddable":true,"href":"https:\/\/herosbedding.com\/tr\/wp-json\/wp\/v2\/product_cat?post=29560"},{"taxonomy":"product_tag","embeddable":true,"href":"https:\/\/herosbedding.com\/tr\/wp-json\/wp\/v2\/product_tag?post=29560"}],"curies":[{"name":"wp","href":"https:\/\/api.w.org\/{rel}","templated":true}]}}