{"id":29547,"date":"2026-01-14T22:02:21","date_gmt":"2026-01-14T22:02:21","guid":{"rendered":"https:\/\/herosbedding.com\/?post_type=product&#038;p=29547"},"modified":"2026-03-08T14:11:50","modified_gmt":"2026-03-08T14:11:50","slug":"marvel","status":"publish","type":"product","link":"https:\/\/herosbedding.com\/tr\/urun\/marvel\/","title":{"rendered":"Marvel"},"content":{"rendered":"<div style=\"width: 100%; margin-bottom: 25px;\">\n<p style=\"text-align: center;\"><strong>Marvel yatak - King Class<\/strong> Krallara lay\u0131k bir uyku deneyimini garanti eder<br \/>\nY\u00fcksek kaliteli kaplamas\u0131 ve \u00f6zenli yap\u0131s\u0131 sayesinde.<br \/>\nBu <strong>Cep atlama sistemi<\/strong> m\u00fckemmel omurga deste\u011fi sunar,<br \/>\nkullan\u0131rken <strong>yumu\u015fak k\u00f6p\u00fck<\/strong> ve <strong>nefes alabilen kuma\u015flar<\/strong><br \/>\nrahat ve konforlu bir yat\u0131\u015f hissi sa\u011flar.<br \/>\nBu kombinasyon <strong>saten kuma\u015f<\/strong> ve \u015f\u0131k, minimalist bir tasar\u0131m<br \/>\nyatak odan\u0131za l\u00fcks ve zarif bir g\u00f6r\u00fcn\u00fcm kazand\u0131r\u0131r.<\/p>\n<\/div>\n<p><!-- 2 KOLOMMEN MET AFBEELDINGEN --><\/p>\n<div style=\"display: flex; flex-wrap: wrap; gap: 30px; align-items: center;\">\n<p><!-- AFBEELDING LINKS --><\/p>\n<div style=\"flex: 1; min-width: 280px; text-align: center;\"><img decoding=\"async\" style=\"max-width: 100%; height: auto;\" src=\"https:\/\/herosbedding.com\/wp-content\/uploads\/2026\/01\/Untitled-design-2.svg\" alt=\"Marvel bed kenmerken\" \/><\/div>\n<p><!-- AFBEELDING RECHTS --><\/p>\n<div style=\"flex: 1; min-width: 280px; text-align: center;\"><img decoding=\"async\" style=\"max-width: 100%; height: auto;\" src=\"https:\/\/herosbedding.com\/wp-content\/uploads\/2026\/01\/Untitled-design-1-2.svg\" alt=\"Marvel bed opbouw\" \/><\/div>\n<\/div>","protected":false},"excerpt":{"rendered":"<div style=\"display: grid; grid-template-columns: repeat(auto-fit,minmax(220px,1fr)); gap: 16px; margin-top: 20px;\">\n<div style=\"padding: 16px; border: 1px solid #eee; border-radius: 12px; background: #fff;\">\n<p><small style=\"color: #888;\">Sistem<\/small><\/p>\n<div style=\"font-weight: 600; font-size: 16px;\">Cep Yay Sistemi<\/div>\n<\/div>\n<div style=\"padding: 16px; border: 1px solid #eee; border-radius: 12px; background: #fff;\">\n<p><small style=\"color: #888;\">Yalan konforu<\/small><\/p>\n<div style=\"font-weight: 600; font-size: 16px;\">Yumu\u015fak konfor<\/div>\n<\/div>\n<div style=\"padding: 16px; border: 1px solid #eee; border-radius: 12px; background: #fff;\">\n<p><small style=\"color: #888;\">Y\u00fckseklik<\/small><\/p>\n<div style=\"font-weight: 600; font-size: 16px;\">30 cm (\u00b12 cm)<\/div>\n<\/div>\n<div style=\"padding: 16px; border: 1px solid #eee; border-radius: 12px; background: #fff;\">\n<p><small style=\"color: #888;\">Destek<\/small><\/p>\n<div style=\"font-weight: 600; font-size: 16px;\">S\u0131rt dostu ve bas\u0131n\u00e7 giderici<\/div>\n<\/div>\n<div style=\"padding: 16px; border: 1px solid #eee; border-radius: 12px; background: #fff;\">\n<p><small style=\"color: #888;\">Kuma\u015f<\/small><\/p>\n<div style=\"font-weight: 600; font-size: 16px;\">Saten, nefes alabilir<\/div>\n<\/div>\n<\/div>","protected":false},"featured_media":29619,"comment_status":"open","ping_status":"closed","template":"","meta":[],"product_brand":[],"product_cat":[88,23],"product_tag":[],"class_list":{"0":"post-29547","1":"product","2":"type-product","3":"status-publish","4":"has-post-thumbnail","6":"product_cat-marvel","7":"product_cat-bedden","9":"first","10":"instock","11":"taxable","12":"shipping-taxable","13":"product-type-variable"},"_links":{"self":[{"href":"https:\/\/herosbedding.com\/tr\/wp-json\/wp\/v2\/product\/29547","targetHints":{"allow":["GET"]}}],"collection":[{"href":"https:\/\/herosbedding.com\/tr\/wp-json\/wp\/v2\/product"}],"about":[{"href":"https:\/\/herosbedding.com\/tr\/wp-json\/wp\/v2\/types\/product"}],"replies":[{"embeddable":true,"href":"https:\/\/herosbedding.com\/tr\/wp-json\/wp\/v2\/comments?post=29547"}],"version-history":[{"count":6,"href":"https:\/\/herosbedding.com\/tr\/wp-json\/wp\/v2\/product\/29547\/revisions"}],"predecessor-version":[{"id":29647,"href":"https:\/\/herosbedding.com\/tr\/wp-json\/wp\/v2\/product\/29547\/revisions\/29647"}],"wp:featuredmedia":[{"embeddable":true,"href":"https:\/\/herosbedding.com\/tr\/wp-json\/wp\/v2\/media\/29619"}],"wp:attachment":[{"href":"https:\/\/herosbedding.com\/tr\/wp-json\/wp\/v2\/media?parent=29547"}],"wp:term":[{"taxonomy":"product_brand","embeddable":true,"href":"https:\/\/herosbedding.com\/tr\/wp-json\/wp\/v2\/product_brand?post=29547"},{"taxonomy":"product_cat","embeddable":true,"href":"https:\/\/herosbedding.com\/tr\/wp-json\/wp\/v2\/product_cat?post=29547"},{"taxonomy":"product_tag","embeddable":true,"href":"https:\/\/herosbedding.com\/tr\/wp-json\/wp\/v2\/product_tag?post=29547"}],"curies":[{"name":"wp","href":"https:\/\/api.w.org\/{rel}","templated":true}]}}