{"id":29134,"date":"2026-01-11T14:09:18","date_gmt":"2026-01-11T14:09:18","guid":{"rendered":"https:\/\/herosbedding.com\/?post_type=product&#038;p=29134"},"modified":"2026-03-08T14:12:37","modified_gmt":"2026-03-08T14:12:37","slug":"29134","status":"publish","type":"product","link":"https:\/\/herosbedding.com\/tr\/urun\/29134\/","title":{"rendered":"Oxford"},"content":{"rendered":"<div style=\"width: 100%; margin-bottom: 25px;\">\n<p style=\"text-align: center;\"><strong>Oxford yatak<\/strong> konfor, sa\u011flaml\u0131k ve dayan\u0131kl\u0131l\u0131\u011f\u0131 bir araya getiren birinci s\u0131n\u0131f bir bazal\u0131 yay olarak tasarlanm\u0131\u015ft\u0131r.<br \/>\nTe\u015fekk\u00fcrler <strong>Cep atlama sistemi<\/strong> ve \u00e7ok katmanl\u0131 yap\u0131 ile <strong>y\u00fcksek kaliteli k\u00f6p\u00fck<\/strong>, Bu yatak, g\u00fcnl\u00fck kullan\u0131m i\u00e7in ergonomik destek sunar.<\/p>\n<\/div>\n<p><!-- 2 KOLOMMEN MET AFBEELDINGEN --><\/p>\n<div style=\"display: flex; flex-wrap: wrap; gap: 30px; align-items: center;\">\n<p><!-- AFBEELDING LINKS --><\/p>\n<div style=\"flex: 1; min-width: 280px; text-align: center;\"><img decoding=\"async\" style=\"max-width: 100%; height: auto;\" src=\"https:\/\/herosbedding.com\/wp-content\/uploads\/2026\/01\/Untitled-design-2.svg\" alt=\"Oxford bed kenmerken\" \/><\/div>\n<p><!-- AFBEELDING RECHTS --><\/p>\n<div style=\"flex: 1; min-width: 280px; text-align: center;\"><img decoding=\"async\" style=\"max-width: 100%; height: auto;\" src=\"https:\/\/herosbedding.com\/wp-content\/uploads\/2026\/01\/Untitled-design-1-2.svg\" alt=\"Oxford bed opbouw\" \/><\/div>\n<\/div>","protected":false},"excerpt":{"rendered":"<div style=\"display: grid; grid-template-columns: repeat(auto-fit,minmax(220px,1fr)); gap: 16px; margin-top: 20px;\">\n<div style=\"padding: 16px; border: 1px solid #eee; border-radius: 12px; background: #fff;\">\n<p><small style=\"color: #888;\">Sistem<\/small><\/p>\n<div style=\"font-weight: 600; font-size: 16px;\">Cep Yay Sistemi<\/div>\n<\/div>\n<div style=\"padding: 16px; border: 1px solid #eee; border-radius: 12px; background: #fff;\">\n<p><small style=\"color: #888;\">Yalan konforu<\/small><\/p>\n<div style=\"font-weight: 600; font-size: 16px;\">Orta g\u00fc\u00e7te<\/div>\n<\/div>\n<div style=\"padding: 16px; border: 1px solid #eee; border-radius: 12px; background: #fff;\">\n<p><small style=\"color: #888;\">Y\u00fckseklik<\/small><\/p>\n<div style=\"font-weight: 600; font-size: 16px;\">33 cm (\u00b12 cm)<\/div>\n<\/div>\n<div style=\"padding: 16px; border: 1px solid #eee; border-radius: 12px; background: #fff;\">\n<p><small style=\"color: #888;\">\u00dcst katman<\/small><\/p>\n<div style=\"font-weight: 600; font-size: 16px;\">Ayr\u0131labilir<\/div>\n<\/div>\n<div style=\"padding: 16px; border: 1px solid #eee; border-radius: 12px; background: #fff;\">\n<p><small style=\"color: #888;\">Kuma\u015f<\/small><\/p>\n<div style=\"font-weight: 600; font-size: 16px;\">Wellsoft, nefes alabilir<\/div>\n<\/div>\n<\/div>","protected":false},"featured_media":29620,"comment_status":"open","ping_status":"closed","template":"","meta":[],"product_brand":[],"product_cat":[89,23],"product_tag":[],"class_list":{"0":"post-29134","1":"product","2":"type-product","3":"status-publish","4":"has-post-thumbnail","6":"product_cat-oxford","7":"product_cat-bedden","9":"first","10":"instock","11":"taxable","12":"shipping-taxable","13":"product-type-variable"},"_links":{"self":[{"href":"https:\/\/herosbedding.com\/tr\/wp-json\/wp\/v2\/product\/29134","targetHints":{"allow":["GET"]}}],"collection":[{"href":"https:\/\/herosbedding.com\/tr\/wp-json\/wp\/v2\/product"}],"about":[{"href":"https:\/\/herosbedding.com\/tr\/wp-json\/wp\/v2\/types\/product"}],"replies":[{"embeddable":true,"href":"https:\/\/herosbedding.com\/tr\/wp-json\/wp\/v2\/comments?post=29134"}],"version-history":[{"count":15,"href":"https:\/\/herosbedding.com\/tr\/wp-json\/wp\/v2\/product\/29134\/revisions"}],"predecessor-version":[{"id":29646,"href":"https:\/\/herosbedding.com\/tr\/wp-json\/wp\/v2\/product\/29134\/revisions\/29646"}],"wp:featuredmedia":[{"embeddable":true,"href":"https:\/\/herosbedding.com\/tr\/wp-json\/wp\/v2\/media\/29620"}],"wp:attachment":[{"href":"https:\/\/herosbedding.com\/tr\/wp-json\/wp\/v2\/media?parent=29134"}],"wp:term":[{"taxonomy":"product_brand","embeddable":true,"href":"https:\/\/herosbedding.com\/tr\/wp-json\/wp\/v2\/product_brand?post=29134"},{"taxonomy":"product_cat","embeddable":true,"href":"https:\/\/herosbedding.com\/tr\/wp-json\/wp\/v2\/product_cat?post=29134"},{"taxonomy":"product_tag","embeddable":true,"href":"https:\/\/herosbedding.com\/tr\/wp-json\/wp\/v2\/product_tag?post=29134"}],"curies":[{"name":"wp","href":"https:\/\/api.w.org\/{rel}","templated":true}]}}