{"id":29263,"date":"2026-01-12T07:09:32","date_gmt":"2026-01-12T07:09:32","guid":{"rendered":"https:\/\/herosbedding.com\/?page_id=29263"},"modified":"2026-01-12T07:27:56","modified_gmt":"2026-01-12T07:27:56","slug":"algemene-voorwaarden","status":"publish","type":"page","link":"https:\/\/herosbedding.com\/tr\/algemene-voorwaarden\/","title":{"rendered":"Genel h\u00fck\u00fcm ve ko\u015fullar"},"content":{"rendered":"<div data-elementor-type=\"wp-page\" data-elementor-id=\"29263\" class=\"elementor elementor-29263\" data-elementor-post-type=\"page\">\n\t\t\t\t<div class=\"wd-negative-gap elementor-element elementor-element-c0a69cc e-flex e-con-boxed e-con e-parent\" data-id=\"c0a69cc\" data-element_type=\"container\">\n\t\t\t\t\t<div class=\"e-con-inner\">\n\t\t\t\t<div class=\"elementor-element elementor-element-827d018 elementor-widget elementor-widget-heading\" data-id=\"827d018\" data-element_type=\"widget\" data-widget_type=\"heading.default\">\n\t\t\t\t\t<h2 class=\"elementor-heading-title elementor-size-default\">Genel h\u00fck\u00fcm ve ko\u015fullar<\/h2>\t\t\t\t<\/div>\n\t\t\t\t\t<\/div>\n\t\t\t\t<\/div>\n\t\t<div class=\"wd-negative-gap elementor-element elementor-element-f1b4ea7 e-flex e-con-boxed e-con e-parent\" data-id=\"f1b4ea7\" data-element_type=\"container\">\n\t\t\t\t\t<div class=\"e-con-inner\">\n\t\t\t\t<div class=\"elementor-element elementor-element-bec4cd7 elementor-widget elementor-widget-html\" data-id=\"bec4cd7\" data-element_type=\"widget\" data-widget_type=\"html.default\">\n\t\t\t\t\t<style>\r\n\/* ===============================\r\n   Algemene Voorwaarden \u2013 Heros Bedding (B2B)\r\n   =============================== *\/\r\n.hb-terms {\r\n  max-width: 1100px;\r\n  margin: 0 auto;\r\n  padding: 40px 20px;\r\n  font-family: \"Heebo\", Arial, sans-serif;\r\n  color: #333;\r\n  line-height: 1.7;\r\n}\r\n.hb-terms h1 {\r\n  font-size: 32px;\r\n  margin-bottom: 25px;\r\n}\r\n.hb-terms h2 {\r\n  font-size: 20px;\r\n  margin-top: 35px;\r\n  margin-bottom: 12px;\r\n  color: #242424;\r\n}\r\n.hb-terms p, .hb-terms li {\r\n  font-size: 15px;\r\n}\r\n.hb-terms ul {\r\n  padding-left: 18px;\r\n}\r\n.hb-card {\r\n  background: #fff;\r\n  border-radius: 14px;\r\n  padding: 26px;\r\n  box-shadow: 0 6px 24px rgba(0,0,0,0.05);\r\n  margin-bottom: 24px;\r\n}\r\n@media (max-width:768px){\r\n  .hb-terms h1 { font-size: 26px; }\r\n}\r\n<\/style>\r\n\r\n<div class=\"hb-terms\">\r\n\r\n\r\n\r\n<div class=\"hb-card\">\r\n<p>\r\nBu genel h\u00fck\u00fcm ve ko\u015fullar yaln\u0131zca t\u00fcm teklifler i\u00e7in ge\u00e7erlidir\r\naras\u0131ndaki emir ve anla\u015fmalar <strong>TUKA BV<\/strong>, alt\u0131nda ticaret\r\nticari isim <strong>Heros Yatak Tak\u0131mlar\u0131<\/strong>, ve onun\r\n<strong>profesyonel m\u00fc\u015fteriler (B2B)<\/strong> Avrupa Birli\u011fi i\u00e7inde.\r\n\r\n\r\n<\/p>\r\n<\/div>\r\n\r\n<div class=\"hb-card\">\r\n<h2>1. \u015eirket kimli\u011fi<\/h2>\r\n<p>\r\n<strong>Resmi ad\u0131:<\/strong> TUKA BV<br>\r\n<strong>Ticari isim:<\/strong> Heros Yatak Tak\u0131mlar\u0131<br>\r\n<strong>Adres:<\/strong> Heistraat 235, 2610 Anvers, Bel\u00e7ika<br>\r\n<strong>KDV numaras\u0131:<\/strong> BE0804263919<br>\r\n<strong>Telefon:<\/strong> +32 484 51 27 18<br>\r\n<strong>E-posta:<\/strong> office@herosbedding.com<br>\r\n<strong>Banka:<\/strong> BE56 0019 5583 9288 - BIC: GEBABEBB\r\n<\/p>\r\n<\/div>\r\n\r\n<div class=\"hb-card\">\r\n<h2>2. Uygulanabilirlik<\/h2>\r\n<p>\r\nBu h\u00fck\u00fcm ve ko\u015fullar, a\u015fa\u011f\u0131dakilerle olan t\u00fcm ticari ili\u015fkiler i\u00e7in ge\u00e7erlidir\r\nprofesyonel m\u00fc\u015fteriler. Sapmalar sadece yaz\u0131l\u0131 olarak kabul edildi\u011fi takdirde ge\u00e7erlidir\r\nkabul edilmi\u015ftir. M\u00fc\u015fterinin genel h\u00fck\u00fcm ve ko\u015fullar\u0131 a\u00e7\u0131k\u00e7a\r\nhari\u00e7.\r\n<\/p>\r\n<\/div>\r\n\r\n<div class=\"hb-card\">\r\n<h2>3. \u0130haleler ve teklifler<\/h2>\r\n<p>\r\nT\u00fcm fiyat teklifleri ba\u011flay\u0131c\u0131 de\u011fildir ve stoklar t\u00fckenene kadar ge\u00e7erlidir.\r\nTUKA BV fiyatlar\u0131, \u00fcr\u00fcn bilgilerini ve fiyatlar\u0131 de\u011fi\u015ftirme hakk\u0131n\u0131 sakl\u0131 tutar.\r\nherhangi bir zamanda.\r\n<\/p>\r\n<\/div>\r\n\r\n<div class=\"hb-card\">\r\n<h2>4. \u00dcr\u00fcnler<\/h2>\r\n<p>\r\n\u00dcr\u00fcn a\u00e7\u0131klamalar\u0131, g\u00f6rseller ve teknik \u00f6zellikler bilgilendirme ama\u00e7l\u0131d\u0131r.\r\nRenk, boyut veya kaplamadaki k\u00fc\u00e7\u00fck sapmalar, \u00fcr\u00fcn hakk\u0131nda\r\niptal veya tazminat hakk\u0131 vard\u0131r.\r\n<\/p>\r\n<\/div>\r\n\r\n<div class=\"hb-card\">\r\n<h2>5. Fiyatlar<\/h2>\r\n<ul>\r\n<li>T\u00fcm fiyatlar avro cinsinden ifade edilmi\u015ftir.<\/li>\r\n<li>Fiyatlar <strong>KDV hari\u00e7<\/strong>, aksi belirtilmedik\u00e7e.<\/li>\r\n<li>Nakliye, montaj ve di\u011fer masraflar dahil de\u011fildir,\r\na\u00e7\u0131k\u00e7a kabul edilmedik\u00e7e.<\/li>\r\n<\/ul>\r\n<\/div>\r\n\r\n<div class=\"hb-card\">\r\n<h2>6. Emirler<\/h2>\r\n<p>\r\nBir sipari\u015f ancak TUKA BV taraf\u0131ndan yaz\u0131l\u0131 olarak onayland\u0131ktan sonra ba\u011flay\u0131c\u0131 olur.\r\nTUKA BV, a\u015fa\u011f\u0131daki ko\u015fullar olmaks\u0131z\u0131n sipari\u015fleri reddetme hakk\u0131n\u0131 sakl\u0131 tutar\r\nSebep g\u00f6sterildi.\r\n<\/p>\r\n<\/div>\r\n\r\n<div class=\"hb-card\">\r\n<h2>7. \u00d6deme<\/h2>\r\n<ul>\r\n<li>Faturalar, kararla\u015ft\u0131r\u0131lan \u00f6deme s\u00fcresine g\u00f6re \u00f6denecektir.<\/li>\r\n<li>Vade tarihinde \u00f6deme yap\u0131lmamas\u0131 durumunda, temerr\u00fct faizi ipso jure ve herhangi bir\r\ntemerr\u00fct faizinin \u00f6denmesi gerekecektir.<\/li>\r\n<li>T\u00fcm tahsilat masraflar\u0131 m\u00fc\u015fteri taraf\u0131ndan kar\u015f\u0131lanacakt\u0131r.<\/li>\r\n<\/ul>\r\n<\/div>\r\n\r\n<div class=\"hb-card\">\r\n<h2>8. Teslimat<\/h2>\r\n<p>\r\nTeslimat s\u00fcreleri g\u00f6sterge niteli\u011findedir ve ba\u011flay\u0131c\u0131 de\u011fildir. Teslimatta gecikme\r\nhi\u00e7bir zaman tazminat \u00f6denmesine veya s\u00f6zle\u015fmenin feshine yol a\u00e7amaz.\r\n<\/p>\r\n<\/div>\r\n\r\n<div class=\"hb-card\">\r\n<h2>9. \u015eikayetler<\/h2>\r\n<p>\r\nG\u00f6r\u00fcn\u00fcr kusurlar en ge\u00e7 a\u015fa\u011f\u0131daki s\u00fcre i\u00e7inde yaz\u0131l\u0131 olarak bildirilmelidir\r\n<strong>Teslimattan 48 saat sonra<\/strong>. Bu s\u00fcreden sonra teslimat\r\nkabul edilmi\u015f say\u0131l\u0131r.\r\n<\/p>\r\n<\/div>\r\n\r\n<div class=\"hb-card\">\r\n<h2>10. Sorumluluk<\/h2>\r\n<p>\r\nTUKA BV'nin sorumlulu\u011fu fatura tutar\u0131 ile s\u0131n\u0131rl\u0131d\u0131r\r\ns\u00f6z konusu sipari\u015fin. TUKA BV a\u015fa\u011f\u0131dakilerden asla sorumlu de\u011fildir\r\nkar kaybi veya dolayli zararlar dahi\u0307l olmak \u00fczere dolayli zararlar.\r\n<\/p>\r\n<\/div>\r\n\r\n<div class=\"hb-card\">\r\n<h2>11. M\u00fccbir sebepler<\/h2>\r\n<p>\r\nM\u00fccbir sebep durumlar\u0131nda (ula\u015f\u0131m sorunlar\u0131, grevler gibi,\r\ntedarik\u00e7i sorunlar\u0131 veya h\u00fck\u00fcmet \u00f6nlemleri), TUKA BV a\u015fa\u011f\u0131daki haklara sahiptir\r\ny\u00fck\u00fcml\u00fcl\u00fcklerini tazminat \u00f6demeksizin ask\u0131ya alma veya iptal etme hakk\u0131na sahiptir.\r\n<\/p>\r\n<\/div>\r\n\r\n<div class=\"hb-card\">\r\n<h2>12. Fikri m\u00fclkiyet<\/h2>\r\n<p>\r\nT\u00fcm metinler, g\u00f6rseller, logolar ve tasar\u0131mlar\u0131n m\u00fclkiyeti\r\nTUKA BV'ye aittir ve \u00f6nceden izin al\u0131nmadan kullan\u0131lamaz.\r\nyaz\u0131l\u0131 izin.\r\n<\/p>\r\n<\/div>\r\n\r\n<div class=\"hb-card\">\r\n<h2>13. Uygulanacak hukuk ve yetkili mahkeme<\/h2>\r\n<p>\r\nT\u00fcm anla\u015fmalar m\u00fcnhas\u0131ran a\u015fa\u011f\u0131daki h\u00fck\u00fcmlere tabidir <strong>Bel\u00e7ika hukuku<\/strong>\r\nuygulanabilir. Anla\u015fmazl\u0131k durumunda, sadece mahkemeler\r\nBel\u00e7ika'n\u0131n yetkili ki\u015fileri.\r\n<\/p>\r\n<\/div>\r\n\r\n\r\n\r\n<\/div>\r\n\t\t\t\t<\/div>\n\t\t\t\t\t<\/div>\n\t\t\t\t<\/div>\n\t\t\t\t<\/div>","protected":false},"excerpt":{"rendered":"<p>Algemene Voorwaarden Deze algemene voorwaarden zijn uitsluitend van toepassing op alle offertes, bestellingen en overeenkomsten tussen TUKA BV, handelend onder<\/p>","protected":false},"author":1,"featured_media":0,"parent":0,"menu_order":0,"comment_status":"closed","ping_status":"closed","template":"","meta":{"footnotes":""},"class_list":["post-29263","page","type-page","status-publish","hentry"],"_links":{"self":[{"href":"https:\/\/herosbedding.com\/tr\/wp-json\/wp\/v2\/pages\/29263","targetHints":{"allow":["GET"]}}],"collection":[{"href":"https:\/\/herosbedding.com\/tr\/wp-json\/wp\/v2\/pages"}],"about":[{"href":"https:\/\/herosbedding.com\/tr\/wp-json\/wp\/v2\/types\/page"}],"author":[{"embeddable":true,"href":"https:\/\/herosbedding.com\/tr\/wp-json\/wp\/v2\/users\/1"}],"replies":[{"embeddable":true,"href":"https:\/\/herosbedding.com\/tr\/wp-json\/wp\/v2\/comments?post=29263"}],"version-history":[{"count":13,"href":"https:\/\/herosbedding.com\/tr\/wp-json\/wp\/v2\/pages\/29263\/revisions"}],"predecessor-version":[{"id":29281,"href":"https:\/\/herosbedding.com\/tr\/wp-json\/wp\/v2\/pages\/29263\/revisions\/29281"}],"wp:attachment":[{"href":"https:\/\/herosbedding.com\/tr\/wp-json\/wp\/v2\/media?parent=29263"}],"curies":[{"name":"wp","href":"https:\/\/api.w.org\/{rel}","templated":true}]}}