{"id":29585,"date":"2026-01-14T22:44:52","date_gmt":"2026-01-14T22:44:52","guid":{"rendered":"https:\/\/herosbedding.com\/?post_type=product&#038;p=29585"},"modified":"2026-03-08T13:59:47","modified_gmt":"2026-03-08T13:59:47","slug":"barcelona","status":"publish","type":"product","link":"https:\/\/herosbedding.com\/fr\/produit\/barcelona\/","title":{"rendered":"Barcelone"},"content":{"rendered":"<div style=\"width: 100%; margin-bottom: 25px;\">\n<p style=\"text-align: center;\"><strong>Le lit de Barcelone<\/strong> combine un design frappant avec des couleurs harmonieuses<br \/>\net apporte une touche d'\u00e9l\u00e9gance \u00e0 votre chambre \u00e0 coucher.<br \/>\nEn m\u00eame temps, ce lit favorise la sant\u00e9 de votre sommeil gr\u00e2ce \u00e0<br \/>\n<strong>technologies avanc\u00e9es du sommeil<\/strong>.<br \/>\nLe <strong>Syst\u00e8me de ressorts Hercules<\/strong> Minimise le transfert de mouvement,<br \/>\ntandis que le syst\u00e8me sp\u00e9cialement con\u00e7u pour les <strong>structure de soutien dorsal<\/strong><br \/>\nassure une posture correcte et un sommeil profond et r\u00e9parateur.<br \/>\nVous vous r\u00e9veillez ainsi frais et dispos chaque matin.<\/p>\n<\/div>\n<p><!-- 2 KOLOMMEN MET AFBEELDINGEN --><\/p>\n<div style=\"display: flex; flex-wrap: wrap; gap: 30px; align-items: center;\">\n<p><!-- AFBEELDING LINKS --><\/p>\n<div style=\"flex: 1; min-width: 280px; text-align: center;\"><img decoding=\"async\" style=\"max-width: 100%; height: auto;\" src=\"https:\/\/herosbedding.com\/wp-content\/uploads\/2026\/01\/Untitled-design-2.svg\" alt=\"Barcelona bed kenmerken\" \/><\/div>\n<p><!-- AFBEELDING RECHTS --><\/p>\n<div style=\"flex: 1; min-width: 280px; text-align: center;\"><img decoding=\"async\" style=\"max-width: 100%; height: auto;\" src=\"https:\/\/herosbedding.com\/wp-content\/uploads\/2026\/01\/Untitled-design-1-2.svg\" alt=\"Barcelona bed opbouw\" \/><\/div>\n<\/div>","protected":false},"excerpt":{"rendered":"<div style=\"display: grid; grid-template-columns: repeat(auto-fit,minmax(220px,1fr)); gap: 16px; margin-top: 20px;\">\n<div style=\"padding: 16px; border: 1px solid #eee; border-radius: 12px; background: #fff;\">\n<p><small style=\"color: #888;\">Syst\u00e8me<\/small><\/p>\n<div style=\"font-weight: 600; font-size: 16px;\">Syst\u00e8me de ressorts Hercule (Bonell)<\/div>\n<\/div>\n<div style=\"padding: 16px; border: 1px solid #eee; border-radius: 12px; background: #fff;\">\n<p><small style=\"color: #888;\">Confort de couchage<\/small><\/p>\n<div style=\"font-weight: 600; font-size: 16px;\">Doux \u00e0 moyen<\/div>\n<\/div>\n<div style=\"padding: 16px; border: 1px solid #eee; border-radius: 12px; background: #fff;\">\n<p><small style=\"color: #888;\">Hauteur<\/small><\/p>\n<div style=\"font-weight: 600; font-size: 16px;\">28 cm (\u00b12 cm)<\/div>\n<\/div>\n<div style=\"padding: 16px; border: 1px solid #eee; border-radius: 12px; background: #fff;\">\n<p><small style=\"color: #888;\">Soutien<\/small><\/p>\n<div style=\"font-weight: 600; font-size: 16px;\">Confort du dos et soulagement de la pression<\/div>\n<\/div>\n<div style=\"padding: 16px; border: 1px solid #eee; border-radius: 12px; background: #fff;\">\n<p><small style=\"color: #888;\">Tissu<\/small><\/p>\n<div style=\"font-weight: 600; font-size: 16px;\">Respirant, anti-stress<\/div>\n<\/div>\n<\/div>","protected":false},"featured_media":29609,"comment_status":"open","ping_status":"closed","template":"","meta":[],"product_brand":[],"product_cat":[84,23],"product_tag":[],"class_list":{"0":"post-29585","1":"product","2":"type-product","3":"status-publish","4":"has-post-thumbnail","6":"product_cat-barcelona","7":"product_cat-bedden","9":"first","10":"instock","11":"sale","12":"taxable","13":"shipping-taxable","14":"product-type-variable"},"_links":{"self":[{"href":"https:\/\/herosbedding.com\/fr\/wp-json\/wp\/v2\/product\/29585","targetHints":{"allow":["GET"]}}],"collection":[{"href":"https:\/\/herosbedding.com\/fr\/wp-json\/wp\/v2\/product"}],"about":[{"href":"https:\/\/herosbedding.com\/fr\/wp-json\/wp\/v2\/types\/product"}],"replies":[{"embeddable":true,"href":"https:\/\/herosbedding.com\/fr\/wp-json\/wp\/v2\/comments?post=29585"}],"version-history":[{"count":5,"href":"https:\/\/herosbedding.com\/fr\/wp-json\/wp\/v2\/product\/29585\/revisions"}],"predecessor-version":[{"id":29648,"href":"https:\/\/herosbedding.com\/fr\/wp-json\/wp\/v2\/product\/29585\/revisions\/29648"}],"wp:featuredmedia":[{"embeddable":true,"href":"https:\/\/herosbedding.com\/fr\/wp-json\/wp\/v2\/media\/29609"}],"wp:attachment":[{"href":"https:\/\/herosbedding.com\/fr\/wp-json\/wp\/v2\/media?parent=29585"}],"wp:term":[{"taxonomy":"product_brand","embeddable":true,"href":"https:\/\/herosbedding.com\/fr\/wp-json\/wp\/v2\/product_brand?post=29585"},{"taxonomy":"product_cat","embeddable":true,"href":"https:\/\/herosbedding.com\/fr\/wp-json\/wp\/v2\/product_cat?post=29585"},{"taxonomy":"product_tag","embeddable":true,"href":"https:\/\/herosbedding.com\/fr\/wp-json\/wp\/v2\/product_tag?post=29585"}],"curies":[{"name":"wp","href":"https:\/\/api.w.org\/{rel}","templated":true}]}}