{"id":29577,"date":"2026-01-14T22:27:23","date_gmt":"2026-01-14T22:27:23","guid":{"rendered":"https:\/\/herosbedding.com\/?post_type=product&#038;p=29577"},"modified":"2026-04-09T14:54:36","modified_gmt":"2026-04-09T14:54:36","slug":"piano","status":"publish","type":"product","link":"https:\/\/herosbedding.com\/fr\/produit\/piano\/","title":{"rendered":"Piano"},"content":{"rendered":"<div style=\"width: 100%; margin-bottom: 25px;\">\n<p style=\"text-align: center;\"><strong>Le lit du piano<\/strong> offre une combinaison parfaite de confort et d'\u00e9l\u00e9gance.<br \/>\nGr\u00e2ce \u00e0 la construction compl\u00e9mentaire du sommier, de la t\u00eate de lit et du matelas, ce lit ne se contente pas d'apporter une touche de confort.<br \/>\nLa chambre \u00e0 coucher est un endroit id\u00e9al pour se d\u00e9tendre et cr\u00e9er une atmosph\u00e8re sophistiqu\u00e9e et luxueuse.<br \/>\nLe <strong>Syst\u00e8me de saut de poche<\/strong> en combinaison avec des couches multiples<br \/>\n<strong>mousse de haute qualit\u00e9<\/strong> assure un soutien ergonomique et un confort de couchage agr\u00e9able,<br \/>\nconvient \u00e0 un usage quotidien.<\/p>\n<\/div>\n<p><!-- 2 KOLOMMEN MET AFBEELDINGEN --><\/p>\n<div style=\"display: flex; flex-wrap: wrap; gap: 30px; align-items: center;\">\n<p><!-- AFBEELDING LINKS --><\/p>\n<div style=\"flex: 1; min-width: 280px; text-align: center;\"><img decoding=\"async\" style=\"max-width: 100%; height: auto;\" src=\"https:\/\/herosbedding.com\/wp-content\/uploads\/2026\/01\/Untitled-design-2.svg\" alt=\"Piano bed kenmerken\" \/><\/div>\n<p><!-- AFBEELDING RECHTS --><\/p>\n<div style=\"flex: 1; min-width: 280px; text-align: center;\"><img decoding=\"async\" style=\"max-width: 100%; height: auto;\" src=\"https:\/\/herosbedding.com\/wp-content\/uploads\/2026\/01\/Untitled-design-1-2.svg\" alt=\"Piano bed opbouw\" \/><\/div>\n<\/div>","protected":false},"excerpt":{"rendered":"<div style=\"display: grid; grid-template-columns: repeat(auto-fit,minmax(220px,1fr)); gap: 16px; margin-top: 20px;\">\n<div style=\"padding: 16px; border: 1px solid #eee; border-radius: 12px; background: #fff;\">\n<p><small style=\"color: #888;\">Syst\u00e8me<\/small><\/p>\n<div style=\"font-weight: 600; font-size: 16px;\">Syst\u00e8me de ressorts ensach\u00e9s<\/div>\n<\/div>\n<div style=\"padding: 16px; border: 1px solid #eee; border-radius: 12px; background: #fff;\">\n<p><small style=\"color: #888;\">Confort de couchage<\/small><\/p>\n<div style=\"font-weight: 600; font-size: 16px;\">Doux \u00e0 moyen<\/div>\n<\/div>\n<div style=\"padding: 16px; border: 1px solid #eee; border-radius: 12px; background: #fff;\">\n<p><small style=\"color: #888;\">Hauteur<\/small><\/p>\n<div style=\"font-weight: 600; font-size: 16px;\">30 cm (\u00b12 cm)<\/div>\n<\/div>\n<div style=\"padding: 16px; border: 1px solid #eee; border-radius: 12px; background: #fff;\">\n<p><small style=\"color: #888;\">Soutien<\/small><\/p>\n<div style=\"font-weight: 600; font-size: 16px;\">Ergonomique et stable<\/div>\n<\/div>\n<div style=\"padding: 16px; border: 1px solid #eee; border-radius: 12px; background: #fff;\">\n<p><small style=\"color: #888;\">Tissu<\/small><\/p>\n<div style=\"font-weight: 600; font-size: 16px;\">Wellsoft, respirant<\/div>\n<\/div>\n<\/div>","protected":false},"featured_media":29621,"comment_status":"open","ping_status":"closed","template":"","meta":[],"product_brand":[],"product_cat":[85,23],"product_tag":[],"class_list":{"0":"post-29577","1":"product","2":"type-product","3":"status-publish","4":"has-post-thumbnail","6":"product_cat-piano","7":"product_cat-bedden","9":"first","10":"instock","11":"taxable","12":"shipping-taxable","13":"product-type-variable"},"_links":{"self":[{"href":"https:\/\/herosbedding.com\/fr\/wp-json\/wp\/v2\/product\/29577","targetHints":{"allow":["GET"]}}],"collection":[{"href":"https:\/\/herosbedding.com\/fr\/wp-json\/wp\/v2\/product"}],"about":[{"href":"https:\/\/herosbedding.com\/fr\/wp-json\/wp\/v2\/types\/product"}],"replies":[{"embeddable":true,"href":"https:\/\/herosbedding.com\/fr\/wp-json\/wp\/v2\/comments?post=29577"}],"version-history":[{"count":5,"href":"https:\/\/herosbedding.com\/fr\/wp-json\/wp\/v2\/product\/29577\/revisions"}],"predecessor-version":[{"id":29645,"href":"https:\/\/herosbedding.com\/fr\/wp-json\/wp\/v2\/product\/29577\/revisions\/29645"}],"wp:featuredmedia":[{"embeddable":true,"href":"https:\/\/herosbedding.com\/fr\/wp-json\/wp\/v2\/media\/29621"}],"wp:attachment":[{"href":"https:\/\/herosbedding.com\/fr\/wp-json\/wp\/v2\/media?parent=29577"}],"wp:term":[{"taxonomy":"product_brand","embeddable":true,"href":"https:\/\/herosbedding.com\/fr\/wp-json\/wp\/v2\/product_brand?post=29577"},{"taxonomy":"product_cat","embeddable":true,"href":"https:\/\/herosbedding.com\/fr\/wp-json\/wp\/v2\/product_cat?post=29577"},{"taxonomy":"product_tag","embeddable":true,"href":"https:\/\/herosbedding.com\/fr\/wp-json\/wp\/v2\/product_tag?post=29577"}],"curies":[{"name":"wp","href":"https:\/\/api.w.org\/{rel}","templated":true}]}}