{"id":29568,"date":"2026-01-14T22:19:40","date_gmt":"2026-01-14T22:19:40","guid":{"rendered":"https:\/\/herosbedding.com\/?post_type=product&#038;p=29568"},"modified":"2026-03-08T14:10:06","modified_gmt":"2026-03-08T14:10:06","slug":"fumat","status":"publish","type":"product","link":"https:\/\/herosbedding.com\/fr\/produit\/fumat\/","title":{"rendered":"Fumat"},"content":{"rendered":"<div style=\"width: 100%; margin-bottom: 25px;\">\n<p style=\"text-align: center;\"><strong>Le lit Fumat<\/strong> s\u00e9duit par son design intemporel, minimaliste et discret,<br \/>\nid\u00e9al pour ceux qui aiment la simplicit\u00e9 sophistiqu\u00e9e.<br \/>\nCe lit allie l'esth\u00e9tique \u00e0 la fonctionnalit\u00e9 gr\u00e2ce \u00e0 ses<br \/>\n<strong>matelas dorsal<\/strong>, qui contribue \u00e0 une posture saine<br \/>\net une sensation de sommeil confortable.<br \/>\nLa construction r\u00e9fl\u00e9chie avec <strong>mousse de haute qualit\u00e9<\/strong>, <strong>couches de confort fixes<\/strong><br \/>\net <strong>tissus respirants<\/strong> assure un sommeil stable et agr\u00e9able,<br \/>\nParfait pour un usage quotidien.<\/p>\n<\/div>\n<p><!-- 2 KOLOMMEN MET AFBEELDINGEN --><\/p>\n<div style=\"display: flex; flex-wrap: wrap; gap: 30px; align-items: center;\">\n<p><!-- AFBEELDING LINKS --><\/p>\n<div style=\"flex: 1; min-width: 280px; text-align: center;\"><img decoding=\"async\" style=\"max-width: 100%; height: auto;\" src=\"https:\/\/herosbedding.com\/wp-content\/uploads\/2026\/01\/Untitled-design-2.svg\" alt=\"Fumat bed kenmerken\" \/><\/div>\n<p><!-- AFBEELDING RECHTS --><\/p>\n<div style=\"flex: 1; min-width: 280px; text-align: center;\"><img decoding=\"async\" style=\"max-width: 100%; height: auto;\" src=\"https:\/\/herosbedding.com\/wp-content\/uploads\/2026\/01\/Untitled-design-1-2.svg\" alt=\"Fumat bed opbouw\" \/><\/div>\n<\/div>","protected":false},"excerpt":{"rendered":"<div style=\"display: grid; grid-template-columns: repeat(auto-fit,minmax(220px,1fr)); gap: 16px; margin-top: 20px;\">\n<div style=\"padding: 16px; border: 1px solid #eee; border-radius: 12px; background: #fff;\">\n<p><small style=\"color: #888;\">Mod\u00e8le<\/small><\/p>\n<div style=\"font-weight: 600; font-size: 16px;\">Fumat<\/div>\n<\/div>\n<div style=\"padding: 16px; border: 1px solid #eee; border-radius: 12px; background: #fff;\">\n<p><small style=\"color: #888;\">Syst\u00e8me<\/small><\/p>\n<div style=\"font-weight: 600; font-size: 16px;\">Couche fixe du tampon<\/div>\n<\/div>\n<div style=\"padding: 16px; border: 1px solid #eee; border-radius: 12px; background: #fff;\">\n<p><small style=\"color: #888;\">Confort de couchage<\/small><\/p>\n<div style=\"font-weight: 600; font-size: 16px;\">Confort moyen<\/div>\n<\/div>\n<div style=\"padding: 16px; border: 1px solid #eee; border-radius: 12px; background: #fff;\">\n<p><small style=\"color: #888;\">Hauteur<\/small><\/p>\n<div style=\"font-weight: 600; font-size: 16px;\">28 cm (\u00b12 cm)<\/div>\n<\/div>\n<div style=\"padding: 16px; border: 1px solid #eee; border-radius: 12px; background: #fff;\">\n<p><small style=\"color: #888;\">Soutien<\/small><\/p>\n<div style=\"font-weight: 600; font-size: 16px;\">Support dorsal<\/div>\n<\/div>\n<div style=\"padding: 16px; border: 1px solid #eee; border-radius: 12px; background: #fff;\">\n<p><small style=\"color: #888;\">Tissu<\/small><\/p>\n<div style=\"font-weight: 600; font-size: 16px;\">Tissu tricot\u00e9 respirant<\/div>\n<\/div>\n<\/div>","protected":false},"featured_media":29616,"comment_status":"open","ping_status":"closed","template":"","meta":[],"product_brand":[],"product_cat":[86,23],"product_tag":[],"class_list":{"0":"post-29568","1":"product","2":"type-product","3":"status-publish","4":"has-post-thumbnail","6":"product_cat-fumat","7":"product_cat-bedden","9":"first","10":"instock","11":"taxable","12":"shipping-taxable","13":"product-type-variable"},"_links":{"self":[{"href":"https:\/\/herosbedding.com\/fr\/wp-json\/wp\/v2\/product\/29568","targetHints":{"allow":["GET"]}}],"collection":[{"href":"https:\/\/herosbedding.com\/fr\/wp-json\/wp\/v2\/product"}],"about":[{"href":"https:\/\/herosbedding.com\/fr\/wp-json\/wp\/v2\/types\/product"}],"replies":[{"embeddable":true,"href":"https:\/\/herosbedding.com\/fr\/wp-json\/wp\/v2\/comments?post=29568"}],"version-history":[{"count":6,"href":"https:\/\/herosbedding.com\/fr\/wp-json\/wp\/v2\/product\/29568\/revisions"}],"predecessor-version":[{"id":29652,"href":"https:\/\/herosbedding.com\/fr\/wp-json\/wp\/v2\/product\/29568\/revisions\/29652"}],"wp:featuredmedia":[{"embeddable":true,"href":"https:\/\/herosbedding.com\/fr\/wp-json\/wp\/v2\/media\/29616"}],"wp:attachment":[{"href":"https:\/\/herosbedding.com\/fr\/wp-json\/wp\/v2\/media?parent=29568"}],"wp:term":[{"taxonomy":"product_brand","embeddable":true,"href":"https:\/\/herosbedding.com\/fr\/wp-json\/wp\/v2\/product_brand?post=29568"},{"taxonomy":"product_cat","embeddable":true,"href":"https:\/\/herosbedding.com\/fr\/wp-json\/wp\/v2\/product_cat?post=29568"},{"taxonomy":"product_tag","embeddable":true,"href":"https:\/\/herosbedding.com\/fr\/wp-json\/wp\/v2\/product_tag?post=29568"}],"curies":[{"name":"wp","href":"https:\/\/api.w.org\/{rel}","templated":true}]}}