{"id":29547,"date":"2026-01-14T22:02:21","date_gmt":"2026-01-14T22:02:21","guid":{"rendered":"https:\/\/herosbedding.com\/?post_type=product&#038;p=29547"},"modified":"2026-03-08T14:11:50","modified_gmt":"2026-03-08T14:11:50","slug":"marvel","status":"publish","type":"product","link":"https:\/\/herosbedding.com\/fr\/produit\/marvel\/","title":{"rendered":"Marvel"},"content":{"rendered":"<div style=\"width: 100%; margin-bottom: 25px;\">\n<p style=\"text-align: center;\"><strong>Le lit Marvel - Classe King<\/strong> garantit un sommeil royal<br \/>\ngr\u00e2ce \u00e0 sa finition de haute qualit\u00e9 et \u00e0 sa construction soign\u00e9e.<br \/>\nLe <strong>Syst\u00e8me de saut de poche<\/strong> offre un excellent soutien de la colonne vert\u00e9brale,<br \/>\nlors de l'utilisation <strong>mousse souple<\/strong> et <strong>tissus respirants<\/strong><br \/>\nprocure une sensation de confort et de d\u00e9tente.<br \/>\nLa combinaison de <strong>tissu satin\u00e9<\/strong> et un design \u00e9pur\u00e9 et minimaliste<br \/>\ndonne \u00e0 votre chambre \u00e0 coucher un aspect luxueux et \u00e9l\u00e9gant.<\/p>\n<\/div>\n<p><!-- 2 KOLOMMEN MET AFBEELDINGEN --><\/p>\n<div style=\"display: flex; flex-wrap: wrap; gap: 30px; align-items: center;\">\n<p><!-- AFBEELDING LINKS --><\/p>\n<div style=\"flex: 1; min-width: 280px; text-align: center;\"><img decoding=\"async\" style=\"max-width: 100%; height: auto;\" src=\"https:\/\/herosbedding.com\/wp-content\/uploads\/2026\/01\/Untitled-design-2.svg\" alt=\"Marvel bed kenmerken\" \/><\/div>\n<p><!-- AFBEELDING RECHTS --><\/p>\n<div style=\"flex: 1; min-width: 280px; text-align: center;\"><img decoding=\"async\" style=\"max-width: 100%; height: auto;\" src=\"https:\/\/herosbedding.com\/wp-content\/uploads\/2026\/01\/Untitled-design-1-2.svg\" alt=\"Marvel bed opbouw\" \/><\/div>\n<\/div>","protected":false},"excerpt":{"rendered":"<div style=\"display: grid; grid-template-columns: repeat(auto-fit,minmax(220px,1fr)); gap: 16px; margin-top: 20px;\">\n<div style=\"padding: 16px; border: 1px solid #eee; border-radius: 12px; background: #fff;\">\n<p><small style=\"color: #888;\">Syst\u00e8me<\/small><\/p>\n<div style=\"font-weight: 600; font-size: 16px;\">Syst\u00e8me de ressorts ensach\u00e9s<\/div>\n<\/div>\n<div style=\"padding: 16px; border: 1px solid #eee; border-radius: 12px; background: #fff;\">\n<p><small style=\"color: #888;\">Confort de couchage<\/small><\/p>\n<div style=\"font-weight: 600; font-size: 16px;\">Confort moelleux<\/div>\n<\/div>\n<div style=\"padding: 16px; border: 1px solid #eee; border-radius: 12px; background: #fff;\">\n<p><small style=\"color: #888;\">Hauteur<\/small><\/p>\n<div style=\"font-weight: 600; font-size: 16px;\">30 cm (\u00b12 cm)<\/div>\n<\/div>\n<div style=\"padding: 16px; border: 1px solid #eee; border-radius: 12px; background: #fff;\">\n<p><small style=\"color: #888;\">Soutien<\/small><\/p>\n<div style=\"font-weight: 600; font-size: 16px;\">Confort du dos et soulagement de la pression<\/div>\n<\/div>\n<div style=\"padding: 16px; border: 1px solid #eee; border-radius: 12px; background: #fff;\">\n<p><small style=\"color: #888;\">Tissu<\/small><\/p>\n<div style=\"font-weight: 600; font-size: 16px;\">Satin, respirant<\/div>\n<\/div>\n<\/div>","protected":false},"featured_media":29619,"comment_status":"open","ping_status":"closed","template":"","meta":[],"product_brand":[],"product_cat":[88,23],"product_tag":[],"class_list":{"0":"post-29547","1":"product","2":"type-product","3":"status-publish","4":"has-post-thumbnail","6":"product_cat-marvel","7":"product_cat-bedden","9":"first","10":"instock","11":"taxable","12":"shipping-taxable","13":"product-type-variable"},"_links":{"self":[{"href":"https:\/\/herosbedding.com\/fr\/wp-json\/wp\/v2\/product\/29547","targetHints":{"allow":["GET"]}}],"collection":[{"href":"https:\/\/herosbedding.com\/fr\/wp-json\/wp\/v2\/product"}],"about":[{"href":"https:\/\/herosbedding.com\/fr\/wp-json\/wp\/v2\/types\/product"}],"replies":[{"embeddable":true,"href":"https:\/\/herosbedding.com\/fr\/wp-json\/wp\/v2\/comments?post=29547"}],"version-history":[{"count":6,"href":"https:\/\/herosbedding.com\/fr\/wp-json\/wp\/v2\/product\/29547\/revisions"}],"predecessor-version":[{"id":29647,"href":"https:\/\/herosbedding.com\/fr\/wp-json\/wp\/v2\/product\/29547\/revisions\/29647"}],"wp:featuredmedia":[{"embeddable":true,"href":"https:\/\/herosbedding.com\/fr\/wp-json\/wp\/v2\/media\/29619"}],"wp:attachment":[{"href":"https:\/\/herosbedding.com\/fr\/wp-json\/wp\/v2\/media?parent=29547"}],"wp:term":[{"taxonomy":"product_brand","embeddable":true,"href":"https:\/\/herosbedding.com\/fr\/wp-json\/wp\/v2\/product_brand?post=29547"},{"taxonomy":"product_cat","embeddable":true,"href":"https:\/\/herosbedding.com\/fr\/wp-json\/wp\/v2\/product_cat?post=29547"},{"taxonomy":"product_tag","embeddable":true,"href":"https:\/\/herosbedding.com\/fr\/wp-json\/wp\/v2\/product_tag?post=29547"}],"curies":[{"name":"wp","href":"https:\/\/api.w.org\/{rel}","templated":true}]}}